{"id":604,"date":"2024-05-03T21:16:10","date_gmt":"2024-05-03T18:16:10","guid":{"rendered":"https:\/\/www.analogexpress.fi\/?page_id=604"},"modified":"2024-05-03T21:16:10","modified_gmt":"2024-05-03T18:16:10","slug":"kukat-2024-2","status":"publish","type":"page","link":"https:\/\/www.analogexpress.fi\/index.php\/kukat-2024-2\/","title":{"rendered":"Kukat &#8211; 2024"},"content":{"rendered":"\n<p>ker\u00e4t\u00e4\u00e4n kukkakuviakin t\u00e4nne, luontokuvaus on l\u00e4hell\u00e4 syd\u00e4nt\u00e4ni<\/p>\n","protected":false},"excerpt":{"rendered":"<p>ker\u00e4t\u00e4\u00e4n kukkakuviakin t\u00e4nne, luontokuvaus on l\u00e4hell\u00e4 syd\u00e4nt\u00e4ni<\/p>\n","protected":false},"author":1,"featured_media":0,"parent":0,"menu_order":0,"comment_status":"closed","ping_status":"closed","template":"","meta":{"footnotes":""},"jetpack_sharing_enabled":true,"_links":{"self":[{"href":"https:\/\/www.analogexpress.fi\/index.php\/wp-json\/wp\/v2\/pages\/604"}],"collection":[{"href":"https:\/\/www.analogexpress.fi\/index.php\/wp-json\/wp\/v2\/pages"}],"about":[{"href":"https:\/\/www.analogexpress.fi\/index.php\/wp-json\/wp\/v2\/types\/page"}],"author":[{"embeddable":true,"href":"https:\/\/www.analogexpress.fi\/index.php\/wp-json\/wp\/v2\/users\/1"}],"replies":[{"embeddable":true,"href":"https:\/\/www.analogexpress.fi\/index.php\/wp-json\/wp\/v2\/comments?post=604"}],"version-history":[{"count":1,"href":"https:\/\/www.analogexpress.fi\/index.php\/wp-json\/wp\/v2\/pages\/604\/revisions"}],"predecessor-version":[{"id":605,"href":"https:\/\/www.analogexpress.fi\/index.php\/wp-json\/wp\/v2\/pages\/604\/revisions\/605"}],"wp:attachment":[{"href":"https:\/\/www.analogexpress.fi\/index.php\/wp-json\/wp\/v2\/media?parent=604"}],"curies":[{"name":"wp","href":"https:\/\/api.w.org\/{rel}","templated":true}]}}