{"id":196,"date":"2023-03-18T12:07:21","date_gmt":"2023-03-18T10:07:21","guid":{"rendered":"https:\/\/www.analogexpress.fi\/index.php\/blogi\/"},"modified":"2023-03-18T12:07:21","modified_gmt":"2023-03-18T10:07:21","slug":"blogi","status":"publish","type":"page","link":"https:\/\/www.analogexpress.fi\/index.php\/blogi\/","title":{"rendered":"Blogi"},"content":{"rendered":"\n<figure class=\"wp-block-image alignfull size-large\"><img decoding=\"async\" src=\"https:\/\/dotcompatterns.files.wordpress.com\/2021\/02\/pexels-photo-3954635.jpeg?w=1024\" alt=\"\" \/><\/figure>\n\n\n\n<h1 class=\"wp-block-heading has-text-align-center\"><strong>Introduce yourself and your blog<\/strong><\/h1>\n\n\n\n<div style=\"height:30px\" aria-hidden=\"true\" class=\"wp-block-spacer\"><\/div>\n\n\n\n<h2 class=\"wp-block-heading has-text-align-center\">My Latest Posts<\/h2>\n\n\n\n<p class=\"has-text-align-center\">\u2022 \u2022 \u2022<\/p>\n\n\n<ul class=\"wp-block-latest-posts__list has-dates wp-block-latest-posts\"><li><a class=\"wp-block-latest-posts__post-title\" href=\"https:\/\/www.analogexpress.fi\/index.php\/2024\/01\/25\/lintuharrastus\/\">lintuHARRASTUS<\/a><time datetime=\"2024-01-25T15:00:59+02:00\" class=\"wp-block-latest-posts__post-date\">2024-01-25<\/time><div class=\"wp-block-latest-posts__post-excerpt\">Luin jostain lintubongailun olevan hieman \u201clast season\u201d joten ajattelin sopivani harrastajaksi tulevana vuonna, koska lintuja on tullut kuvattua satunaisesti &#8211; sivut<\/div><\/li>\n<li><a class=\"wp-block-latest-posts__post-title\" href=\"https:\/\/www.analogexpress.fi\/index.php\/2023\/12\/30\/digikamerat\/\">digiKAMERAT<\/a><time datetime=\"2023-12-30T07:58:03+02:00\" class=\"wp-block-latest-posts__post-date\">2023-12-30<\/time><div class=\"wp-block-latest-posts__post-excerpt\">2023 loppuvuodesta olen l\u00f6yd\u00e4nyt vanhat peilij\u00e4rjestelm\u00e4kamerat. CCD ja CMOS sensorit tulivat digitaalisten kameroiden kulta aikana j\u00e4rjestelm\u00e4kameroihin alle 10megapikselin tarkkuuksilla. Kennojen herkkyys, kuvan k\u00e4sittely ja lopputulos ei ollut viel\u00e4 kovin kliinist\u00e4\u2026 <a href=\"https:\/\/www.analogexpress.fi\/index.php\/2023\/12\/30\/digikamerat\/\" rel=\"noopener noreferrer\">Lue lis\u00e4\u00e4<span class=\"screen-reader-text\">: digiKAMERAT<\/span><\/a><\/div><\/li>\n<\/ul>\n\n\n<p class=\"has-text-align-center\">\u2022 \u2022 \u2022<\/p>\n","protected":false},"excerpt":{"rendered":"<p>Introduce yourself and your blog My Latest Posts \u2022 \u2022 \u2022 \u2022 \u2022 \u2022<\/p>\n","protected":false},"author":2,"featured_media":0,"parent":0,"menu_order":0,"comment_status":"closed","ping_status":"closed","template":"","meta":{"footnotes":""},"jetpack_sharing_enabled":true,"_links":{"self":[{"href":"https:\/\/www.analogexpress.fi\/index.php\/wp-json\/wp\/v2\/pages\/196"}],"collection":[{"href":"https:\/\/www.analogexpress.fi\/index.php\/wp-json\/wp\/v2\/pages"}],"about":[{"href":"https:\/\/www.analogexpress.fi\/index.php\/wp-json\/wp\/v2\/types\/page"}],"author":[{"embeddable":true,"href":"https:\/\/www.analogexpress.fi\/index.php\/wp-json\/wp\/v2\/users\/2"}],"replies":[{"embeddable":true,"href":"https:\/\/www.analogexpress.fi\/index.php\/wp-json\/wp\/v2\/comments?post=196"}],"version-history":[{"count":0,"href":"https:\/\/www.analogexpress.fi\/index.php\/wp-json\/wp\/v2\/pages\/196\/revisions"}],"wp:attachment":[{"href":"https:\/\/www.analogexpress.fi\/index.php\/wp-json\/wp\/v2\/media?parent=196"}],"curies":[{"name":"wp","href":"https:\/\/api.w.org\/{rel}","templated":true}]}}