{"id":104,"date":"2023-03-10T15:56:26","date_gmt":"2023-03-10T13:56:26","guid":{"rendered":"http:\/\/www.analogexpress.fi\/?page_id=104"},"modified":"2024-01-25T14:54:45","modified_gmt":"2024-01-25T12:54:45","slug":"who-am-i","status":"publish","type":"page","link":"https:\/\/www.analogexpress.fi\/index.php\/who-am-i\/","title":{"rendered":"who AM I"},"content":{"rendered":"\n<p>P\u00e4\u00e4llikk\u00f6, esimies, yhdysmies ja <a data-type=\"URL\" data-id=\"www.lohjankameraseura.fi\" href=\"http:\/\/www.lohjankameraseura.fi\">puheenjohtaja<\/a><br>Mies yhdelle, is\u00e4 kahdelle, is\u00e4nt\u00e4n\u00e4 parille<br>Valokuvausta ja hifi\u00e4 &#8211; Putkivahvistimet ja vinyylilevyt ovat &#8221;Rock!&#8221;<\/p>\n\n\n\n<p>Kun valokuvaan niin usein kuvaan filmille (35mm, joskus 6x6cm)<\/p>\n\n\n\n<p><\/p>\n\n\n\n<p>Filmikuvauksen kustannukset ovat ajaneet valokuvaukseni vanhoihin digikameroihin 2023. Kameran saa digitaalisena yhden 36-kuvan filmirullan hinnalla niin inflaatiossa ei ole mit\u00e4\u00e4n j\u00e4rke\u00e4.<\/p>\n\n\n\n<p><\/p>\n","protected":false},"excerpt":{"rendered":"<p>P\u00e4\u00e4llikk\u00f6, esimies, yhdysmies ja puheenjohtajaMies yhdelle, is\u00e4 kahdelle, is\u00e4nt\u00e4n\u00e4 parilleValokuvausta ja hifi\u00e4 &#8211; Putkivahvistimet ja vinyylilevyt ovat &#8221;Rock!&#8221; Kun valokuvaan niin usein kuvaan filmille (35mm, joskus 6x6cm) Filmikuvauksen kustannukset ovat ajaneet valokuvaukseni vanhoihin digikameroihin 2023. Kameran saa digitaalisena yhden 36-kuvan filmirullan hinnalla niin inflaatiossa ei ole mit\u00e4\u00e4n j\u00e4rke\u00e4.<\/p>\n","protected":false},"author":2,"featured_media":0,"parent":0,"menu_order":0,"comment_status":"closed","ping_status":"closed","template":"","meta":{"footnotes":""},"jetpack_sharing_enabled":true,"_links":{"self":[{"href":"https:\/\/www.analogexpress.fi\/index.php\/wp-json\/wp\/v2\/pages\/104"}],"collection":[{"href":"https:\/\/www.analogexpress.fi\/index.php\/wp-json\/wp\/v2\/pages"}],"about":[{"href":"https:\/\/www.analogexpress.fi\/index.php\/wp-json\/wp\/v2\/types\/page"}],"author":[{"embeddable":true,"href":"https:\/\/www.analogexpress.fi\/index.php\/wp-json\/wp\/v2\/users\/2"}],"replies":[{"embeddable":true,"href":"https:\/\/www.analogexpress.fi\/index.php\/wp-json\/wp\/v2\/comments?post=104"}],"version-history":[{"count":12,"href":"https:\/\/www.analogexpress.fi\/index.php\/wp-json\/wp\/v2\/pages\/104\/revisions"}],"predecessor-version":[{"id":246,"href":"https:\/\/www.analogexpress.fi\/index.php\/wp-json\/wp\/v2\/pages\/104\/revisions\/246"}],"wp:attachment":[{"href":"https:\/\/www.analogexpress.fi\/index.php\/wp-json\/wp\/v2\/media?parent=104"}],"curies":[{"name":"wp","href":"https:\/\/api.w.org\/{rel}","templated":true}]}}